{"id":2597,"date":"2024-04-05T11:28:55","date_gmt":"2024-04-05T09:28:55","guid":{"rendered":"https:\/\/www.denmedical.eu\/?page_id=2597"},"modified":"2024-06-06T10:17:12","modified_gmt":"2024-06-06T08:17:12","slug":"developpe-pour-leep-letz","status":"publish","type":"page","link":"https:\/\/www.denmedical.eu\/fr\/home\/ontwikkeld-voor-leep-letz\/developpe-pour-leep-letz\/","title":{"rendered":"D\u00e9velopp\u00e9 pour LEEP-LETZ"},"content":{"rendered":"\n<h1 class=\"wp-block-heading\">\u2018MEILLEUR\u2019 GENERATEUR POUR CONISTATION DU COL DE L\u2019UT\u00c9RUS<\/h1>\n\n\n\n<div class=\"wp-block-media-text has-media-on-the-right is-stacked-on-mobile is-vertically-aligned-center\" style=\"grid-template-columns:auto 33%\"><div class=\"wp-block-media-text__content\">\n<h2 class=\"wp-block-heading\">D\u00e9velopp\u00e9 pour LEEP-LETZ<\/h2>\n\n\n\n<p>Le Finesse II+ de la soci\u00e9t\u00e9 americaine Utah Medical est un g\u00e9n\u00e9rateur d\u2019\u00e9lectrochirurgie (diathermie) qui a \u00e9t\u00e9 sp\u00e9cialement d\u00e9velopp\u00e9 pour effectuer des excisions de l\u2019anse LEEP-LETZ du col de l\u2019ut\u00e9rus.&nbsp; Le contr\u00f4le enti\u00e8rement automatique de la plage de fr\u00e9quences, de l\u2019amp\u00e9rage et de l\u2019extraction des fum\u00e9es assure une facilit\u00e9 d\u2019utilisation et une s\u00e9curit\u00e9 optimale. Vous n\u2019avez pas besoin de configurer quoi que ce soit et vous pouvez commencer \u00e0 couper et \u00e0 coaguler imm\u00e9diatement de mani\u00e8re pr\u00e9cise, s\u00fbre et contr\u00f4l\u00e9e.<\/p>\n<\/div><figure class=\"wp-block-media-text__media\"><img loading=\"lazy\" decoding=\"async\" width=\"438\" height=\"252\" src=\"https:\/\/www.denmedical.eu\/wp-content\/uploads\/2024\/06\/Picture-1.jpg\" alt=\"\" class=\"wp-image-2868 size-full\" srcset=\"https:\/\/www.denmedical.eu\/wp-content\/uploads\/2024\/06\/Picture-1.jpg 438w, https:\/\/www.denmedical.eu\/wp-content\/uploads\/2024\/06\/Picture-1-300x173.jpg 300w\" sizes=\"auto, (max-width: 438px) 100vw, 438px\" \/><\/figure><\/div>\n\n\n\n<div class=\"wp-block-media-text is-stacked-on-mobile is-vertically-aligned-center\" style=\"grid-template-columns:33% auto\"><figure class=\"wp-block-media-text__media\"><img loading=\"lazy\" decoding=\"async\" width=\"1024\" height=\"853\" src=\"https:\/\/www.denmedical.eu\/wp-content\/uploads\/2024\/05\/Derm-spread-1024x853.jpg\" alt=\"\" class=\"wp-image-2841 size-full\" srcset=\"https:\/\/www.denmedical.eu\/wp-content\/uploads\/2024\/05\/Derm-spread-1024x853.jpg 1024w, https:\/\/www.denmedical.eu\/wp-content\/uploads\/2024\/05\/Derm-spread-300x250.jpg 300w, https:\/\/www.denmedical.eu\/wp-content\/uploads\/2024\/05\/Derm-spread-768x640.jpg 768w, https:\/\/www.denmedical.eu\/wp-content\/uploads\/2024\/05\/Derm-spread-1536x1280.jpg 1536w, https:\/\/www.denmedical.eu\/wp-content\/uploads\/2024\/05\/Derm-spread-2048x1707.jpg 2048w\" sizes=\"auto, (max-width: 1024px) 100vw, 1024px\" \/><\/figure><div class=\"wp-block-media-text__content\">\n<p><strong><strong>Enti\u00e8rement automatique, donc toujours la bonne puissance pour couper et coaguler<\/strong><\/strong><\/p>\n\n\n\n<p>Ce qui est unique, c\u2019est que le type FINESSE II+ a \u00e9t\u00e9 sp\u00e9cialement d\u00e9velopp\u00e9 pour la gyn\u00e9cologie. Les proc\u00e9dures LETZ ou LEEP peuvent \u00eatre r\u00e9alis\u00e9es avec la plus grande pr\u00e9cision possible.&nbsp; Le mode de coupe mixte offre le meilleur \u00e9quilibre entre une h\u00e9mostase ad\u00e9quate au niveau du col de l\u2019ut\u00e9rus et la minimisation des dommages thermiques de l\u2019\u00e9chantillon.&nbsp;<\/p>\n\n\n\n<p>Avec le FINESSE+, vous pouvez \u00e9galement effectuer des excisions cutan\u00e9es qui sont id\u00e9alement effectu\u00e9es avec un mode de coupe pure.&nbsp; Le Finesse+ dispose d\u2019un s\u00e9lecteur de mode de coupe (coupe pure et trois modes de coupe m\u00e9lang\u00e9e) Confortable et avec peu de r\u00e9sistance, vous pouvez couper et coaguler tr\u00e8s<\/p>\n<\/div><\/div>\n\n\n\n<div class=\"wp-block-media-text has-media-on-the-right is-stacked-on-mobile is-vertically-aligned-center\" style=\"grid-template-columns:auto 33%\"><div class=\"wp-block-media-text__content\">\n<p><strong>Aspiration des fum\u00e9es int\u00e9gr\u00e9e avec activation automatique<\/strong><\/p>\n\n\n\n<p>Pour le b\u00e9n\u00e9fice de la sant\u00e9 des patients et de l\u2019\u00e9quipe m\u00e9dicale, les appareils de diathermie de l\u2019UTAH sont \u00e9quip\u00e9s de s\u00e9rie d\u2019un syst\u00e8me d\u2019extraction des fum\u00e9es int\u00e9gr\u00e9 qui s\u2019active d\u00e8s la mise en marche de l\u2019\u00e9lectrode active. Dans ce syst\u00e8me d\u2019extraction, un filtre \u00e0 trois couches est install\u00e9, y compris un filtre \u00e0 charbon, qui, en plus des substances nocives, absorbe \u00e9galement l\u2019odeur des tissus coagul\u00e9s et emp\u00eache ainsi la propagation de l\u2019air d\u00e9sagr\u00e9able.<\/p>\n<\/div><figure class=\"wp-block-media-text__media\"><img loading=\"lazy\" decoding=\"async\" width=\"1024\" height=\"683\" src=\"https:\/\/www.denmedical.eu\/wp-content\/uploads\/2024\/06\/Picture-2-1024x683.jpg\" alt=\"\" class=\"wp-image-2865 size-full\" srcset=\"https:\/\/www.denmedical.eu\/wp-content\/uploads\/2024\/06\/Picture-2-1024x683.jpg 1024w, https:\/\/www.denmedical.eu\/wp-content\/uploads\/2024\/06\/Picture-2-300x200.jpg 300w, https:\/\/www.denmedical.eu\/wp-content\/uploads\/2024\/06\/Picture-2-768x512.jpg 768w, https:\/\/www.denmedical.eu\/wp-content\/uploads\/2024\/06\/Picture-2.jpg 1312w\" sizes=\"auto, (max-width: 1024px) 100vw, 1024px\" \/><\/figure><\/div>\n\n\n\n<div class=\"wp-block-media-text is-stacked-on-mobile is-vertically-aligned-center\" style=\"grid-template-columns:33% auto\"><figure class=\"wp-block-media-text__media\"><img loading=\"lazy\" decoding=\"async\" width=\"1024\" height=\"1024\" src=\"https:\/\/www.denmedical.eu\/wp-content\/uploads\/2024\/05\/Pederson-Spec-1024x1024.jpg\" alt=\"\" class=\"wp-image-2829 size-full\" srcset=\"https:\/\/www.denmedical.eu\/wp-content\/uploads\/2024\/05\/Pederson-Spec-1024x1024.jpg 1024w, https:\/\/www.denmedical.eu\/wp-content\/uploads\/2024\/05\/Pederson-Spec-300x300.jpg 300w, https:\/\/www.denmedical.eu\/wp-content\/uploads\/2024\/05\/Pederson-Spec-150x150.jpg 150w, https:\/\/www.denmedical.eu\/wp-content\/uploads\/2024\/05\/Pederson-Spec-768x768.jpg 768w, https:\/\/www.denmedical.eu\/wp-content\/uploads\/2024\/05\/Pederson-Spec-1536x1536.jpg 1536w, https:\/\/www.denmedical.eu\/wp-content\/uploads\/2024\/05\/Pederson-Spec-2048x2048.jpg 2048w\" sizes=\"auto, (max-width: 1024px) 100vw, 1024px\" \/><\/figure><div class=\"wp-block-media-text__content\">\n<p><strong>LETZ sp\u00e9culums <\/strong><strong>avec<\/strong><strong> coating sp\u00e9ciale et <\/strong><strong>porte<\/strong><strong> <\/strong><strong>d\u2019\u00e9vacuation<\/strong><strong> <\/strong><strong>int\u00e9gr\u00e9<\/strong><\/p>\n\n\n\n<p>Cette gamme propose des sp\u00e9culums et autres instruments avec un rev\u00eatement extr\u00eamement durable qui isole contre la transmission du courant \u00e9lectrique. Tous les sp\u00e9culums ont un orifice d\u2019\u00e9vacuation int\u00e9gr\u00e9 pour l\u2019\u00e9limination compl\u00e8te de la fum\u00e9e dans la zone op\u00e9ratoire. Acc\u00e9der \u00e0 notre <strong>catalogue<\/strong> pour plus d\u2019informations<\/p>\n\n\n\n<p><a class=\"button\" href=\"\/fr\/downloads\/?id=leep-letz\">T\u00e9l\u00e9charger la brochure<\/a><\/p>\n<\/div><\/div>\n","protected":false},"excerpt":{"rendered":"<p>\u2018MEILLEUR\u2019 GENERATEUR POUR CONISTATION DU COL DE L\u2019UT\u00c9RUS D\u00e9velopp\u00e9 pour LEEP-LETZ Le Finesse II+ de la soci\u00e9t\u00e9 americaine Utah Medical est un g\u00e9n\u00e9rateur d\u2019\u00e9lectrochirurgie (diathermie) qui a \u00e9t\u00e9 sp\u00e9cialement d\u00e9velopp\u00e9 pour effectuer des excisions de l\u2019anse LEEP-LETZ du col de l\u2019ut\u00e9rus.&nbsp; Le contr\u00f4le enti\u00e8rement automatique de la plage de fr\u00e9quences, de l\u2019amp\u00e9rage et de l\u2019extraction [&hellip;]<\/p>\n","protected":false},"author":1,"featured_media":0,"parent":2608,"menu_order":17,"comment_status":"closed","ping_status":"closed","template":"template-subpage.php","meta":{"_acf_changed":false,"footnotes":""},"class_list":["post-2597","page","type-page","status-publish","hentry"],"acf":[],"yoast_head":"<!-- This site is optimized with the Yoast SEO plugin v27.5 - https:\/\/yoast.com\/product\/yoast-seo-wordpress\/ -->\n<title>D\u00e9velopp\u00e9 pour LEEP-LETZ - D.E.N. Medical<\/title>\n<meta name=\"description\" content=\"Jaren aan onderzoek hebben geleid tot high-end apparatuur om de juiste therapiebenaderingen te ontwikkelen. Bezoek onze website voor meer info\" \/>\n<meta name=\"robots\" content=\"index, follow, max-snippet:-1, max-image-preview:large, max-video-preview:-1\" \/>\n<link rel=\"canonical\" href=\"https:\/\/www.denmedical.eu\/fr\/home\/ontwikkeld-voor-leep-letz\/developpe-pour-leep-letz\/\" \/>\n<meta property=\"og:locale\" content=\"fr_FR\" \/>\n<meta property=\"og:type\" content=\"article\" \/>\n<meta property=\"og:title\" content=\"D\u00e9velopp\u00e9 pour LEEP-LETZ - D.E.N. Medical\" \/>\n<meta property=\"og:description\" content=\"Jaren aan onderzoek hebben geleid tot high-end apparatuur om de juiste therapiebenaderingen te ontwikkelen. Bezoek onze website voor meer info\" \/>\n<meta property=\"og:url\" content=\"https:\/\/www.denmedical.eu\/fr\/home\/ontwikkeld-voor-leep-letz\/developpe-pour-leep-letz\/\" \/>\n<meta property=\"og:site_name\" content=\"D.E.N. Medical\" \/>\n<meta property=\"article:modified_time\" content=\"2024-06-06T08:17:12+00:00\" \/>\n<meta property=\"og:image\" content=\"https:\/\/www.denmedical.eu\/wp-content\/uploads\/2024\/06\/Picture-1.jpg\" \/>\n<meta name=\"twitter:card\" content=\"summary_large_image\" \/>\n<meta name=\"twitter:label1\" content=\"Dur\u00e9e de lecture estim\u00e9e\" \/>\n\t<meta name=\"twitter:data1\" content=\"3 minutes\" \/>\n<script type=\"application\/ld+json\" class=\"yoast-schema-graph\">{\"@context\":\"https:\\\/\\\/schema.org\",\"@graph\":[{\"@type\":\"WebPage\",\"@id\":\"https:\\\/\\\/www.denmedical.eu\\\/fr\\\/home\\\/ontwikkeld-voor-leep-letz\\\/developpe-pour-leep-letz\\\/\",\"url\":\"https:\\\/\\\/www.denmedical.eu\\\/fr\\\/home\\\/ontwikkeld-voor-leep-letz\\\/developpe-pour-leep-letz\\\/\",\"name\":\"D\u00e9velopp\u00e9 pour LEEP-LETZ - D.E.N. Medical\",\"isPartOf\":{\"@id\":\"https:\\\/\\\/www.denmedical.eu\\\/fr\\\/#website\"},\"primaryImageOfPage\":{\"@id\":\"https:\\\/\\\/www.denmedical.eu\\\/fr\\\/home\\\/ontwikkeld-voor-leep-letz\\\/developpe-pour-leep-letz\\\/#primaryimage\"},\"image\":{\"@id\":\"https:\\\/\\\/www.denmedical.eu\\\/fr\\\/home\\\/ontwikkeld-voor-leep-letz\\\/developpe-pour-leep-letz\\\/#primaryimage\"},\"thumbnailUrl\":\"https:\\\/\\\/www.denmedical.eu\\\/wp-content\\\/uploads\\\/2024\\\/06\\\/Picture-1.jpg\",\"datePublished\":\"2024-04-05T09:28:55+00:00\",\"dateModified\":\"2024-06-06T08:17:12+00:00\",\"description\":\"Jaren aan onderzoek hebben geleid tot high-end apparatuur om de juiste therapiebenaderingen te ontwikkelen. Bezoek onze website voor meer info\",\"breadcrumb\":{\"@id\":\"https:\\\/\\\/www.denmedical.eu\\\/fr\\\/home\\\/ontwikkeld-voor-leep-letz\\\/developpe-pour-leep-letz\\\/#breadcrumb\"},\"inLanguage\":\"fr-FR\",\"potentialAction\":[{\"@type\":\"ReadAction\",\"target\":[\"https:\\\/\\\/www.denmedical.eu\\\/fr\\\/home\\\/ontwikkeld-voor-leep-letz\\\/developpe-pour-leep-letz\\\/\"]}]},{\"@type\":\"ImageObject\",\"inLanguage\":\"fr-FR\",\"@id\":\"https:\\\/\\\/www.denmedical.eu\\\/fr\\\/home\\\/ontwikkeld-voor-leep-letz\\\/developpe-pour-leep-letz\\\/#primaryimage\",\"url\":\"https:\\\/\\\/www.denmedical.eu\\\/wp-content\\\/uploads\\\/2024\\\/06\\\/Picture-1.jpg\",\"contentUrl\":\"https:\\\/\\\/www.denmedical.eu\\\/wp-content\\\/uploads\\\/2024\\\/06\\\/Picture-1.jpg\"},{\"@type\":\"BreadcrumbList\",\"@id\":\"https:\\\/\\\/www.denmedical.eu\\\/fr\\\/home\\\/ontwikkeld-voor-leep-letz\\\/developpe-pour-leep-letz\\\/#breadcrumb\",\"itemListElement\":[{\"@type\":\"ListItem\",\"position\":1,\"name\":\"Home\",\"item\":\"https:\\\/\\\/www.denmedical.eu\\\/fr\\\/\"},{\"@type\":\"ListItem\",\"position\":2,\"name\":\"Home\",\"item\":\"https:\\\/\\\/www.denmedical.eu\\\/fr\\\/\"},{\"@type\":\"ListItem\",\"position\":3,\"name\":\"D\u00e9velopp\u00e9 pour LEEP-LETZ\",\"item\":\"https:\\\/\\\/www.denmedical.eu\\\/fr\\\/home\\\/ontwikkeld-voor-leep-letz\\\/\"},{\"@type\":\"ListItem\",\"position\":4,\"name\":\"D\u00e9velopp\u00e9 pour LEEP-LETZ\"}]},{\"@type\":\"WebSite\",\"@id\":\"https:\\\/\\\/www.denmedical.eu\\\/fr\\\/#website\",\"url\":\"https:\\\/\\\/www.denmedical.eu\\\/fr\\\/\",\"name\":\"D.E.N. Medical\",\"description\":\"En nog een WordPress site\",\"potentialAction\":[{\"@type\":\"SearchAction\",\"target\":{\"@type\":\"EntryPoint\",\"urlTemplate\":\"https:\\\/\\\/www.denmedical.eu\\\/fr\\\/?s={search_term_string}\"},\"query-input\":{\"@type\":\"PropertyValueSpecification\",\"valueRequired\":true,\"valueName\":\"search_term_string\"}}],\"inLanguage\":\"fr-FR\"}]}<\/script>\n<!-- \/ Yoast SEO plugin. -->","yoast_head_json":{"title":"D\u00e9velopp\u00e9 pour LEEP-LETZ - D.E.N. Medical","description":"Jaren aan onderzoek hebben geleid tot high-end apparatuur om de juiste therapiebenaderingen te ontwikkelen. Bezoek onze website voor meer info","robots":{"index":"index","follow":"follow","max-snippet":"max-snippet:-1","max-image-preview":"max-image-preview:large","max-video-preview":"max-video-preview:-1"},"canonical":"https:\/\/www.denmedical.eu\/fr\/home\/ontwikkeld-voor-leep-letz\/developpe-pour-leep-letz\/","og_locale":"fr_FR","og_type":"article","og_title":"D\u00e9velopp\u00e9 pour LEEP-LETZ - D.E.N. Medical","og_description":"Jaren aan onderzoek hebben geleid tot high-end apparatuur om de juiste therapiebenaderingen te ontwikkelen. Bezoek onze website voor meer info","og_url":"https:\/\/www.denmedical.eu\/fr\/home\/ontwikkeld-voor-leep-letz\/developpe-pour-leep-letz\/","og_site_name":"D.E.N. Medical","article_modified_time":"2024-06-06T08:17:12+00:00","og_image":[{"url":"https:\/\/www.denmedical.eu\/wp-content\/uploads\/2024\/06\/Picture-1.jpg","type":"","width":"","height":""}],"twitter_card":"summary_large_image","twitter_misc":{"Dur\u00e9e de lecture estim\u00e9e":"3 minutes"},"schema":{"@context":"https:\/\/schema.org","@graph":[{"@type":"WebPage","@id":"https:\/\/www.denmedical.eu\/fr\/home\/ontwikkeld-voor-leep-letz\/developpe-pour-leep-letz\/","url":"https:\/\/www.denmedical.eu\/fr\/home\/ontwikkeld-voor-leep-letz\/developpe-pour-leep-letz\/","name":"D\u00e9velopp\u00e9 pour LEEP-LETZ - D.E.N. Medical","isPartOf":{"@id":"https:\/\/www.denmedical.eu\/fr\/#website"},"primaryImageOfPage":{"@id":"https:\/\/www.denmedical.eu\/fr\/home\/ontwikkeld-voor-leep-letz\/developpe-pour-leep-letz\/#primaryimage"},"image":{"@id":"https:\/\/www.denmedical.eu\/fr\/home\/ontwikkeld-voor-leep-letz\/developpe-pour-leep-letz\/#primaryimage"},"thumbnailUrl":"https:\/\/www.denmedical.eu\/wp-content\/uploads\/2024\/06\/Picture-1.jpg","datePublished":"2024-04-05T09:28:55+00:00","dateModified":"2024-06-06T08:17:12+00:00","description":"Jaren aan onderzoek hebben geleid tot high-end apparatuur om de juiste therapiebenaderingen te ontwikkelen. Bezoek onze website voor meer info","breadcrumb":{"@id":"https:\/\/www.denmedical.eu\/fr\/home\/ontwikkeld-voor-leep-letz\/developpe-pour-leep-letz\/#breadcrumb"},"inLanguage":"fr-FR","potentialAction":[{"@type":"ReadAction","target":["https:\/\/www.denmedical.eu\/fr\/home\/ontwikkeld-voor-leep-letz\/developpe-pour-leep-letz\/"]}]},{"@type":"ImageObject","inLanguage":"fr-FR","@id":"https:\/\/www.denmedical.eu\/fr\/home\/ontwikkeld-voor-leep-letz\/developpe-pour-leep-letz\/#primaryimage","url":"https:\/\/www.denmedical.eu\/wp-content\/uploads\/2024\/06\/Picture-1.jpg","contentUrl":"https:\/\/www.denmedical.eu\/wp-content\/uploads\/2024\/06\/Picture-1.jpg"},{"@type":"BreadcrumbList","@id":"https:\/\/www.denmedical.eu\/fr\/home\/ontwikkeld-voor-leep-letz\/developpe-pour-leep-letz\/#breadcrumb","itemListElement":[{"@type":"ListItem","position":1,"name":"Home","item":"https:\/\/www.denmedical.eu\/fr\/"},{"@type":"ListItem","position":2,"name":"Home","item":"https:\/\/www.denmedical.eu\/fr\/"},{"@type":"ListItem","position":3,"name":"D\u00e9velopp\u00e9 pour LEEP-LETZ","item":"https:\/\/www.denmedical.eu\/fr\/home\/ontwikkeld-voor-leep-letz\/"},{"@type":"ListItem","position":4,"name":"D\u00e9velopp\u00e9 pour LEEP-LETZ"}]},{"@type":"WebSite","@id":"https:\/\/www.denmedical.eu\/fr\/#website","url":"https:\/\/www.denmedical.eu\/fr\/","name":"D.E.N. Medical","description":"En nog een WordPress site","potentialAction":[{"@type":"SearchAction","target":{"@type":"EntryPoint","urlTemplate":"https:\/\/www.denmedical.eu\/fr\/?s={search_term_string}"},"query-input":{"@type":"PropertyValueSpecification","valueRequired":true,"valueName":"search_term_string"}}],"inLanguage":"fr-FR"}]}},"_links":{"self":[{"href":"https:\/\/www.denmedical.eu\/fr\/wp-json\/wp\/v2\/pages\/2597","targetHints":{"allow":["GET"]}}],"collection":[{"href":"https:\/\/www.denmedical.eu\/fr\/wp-json\/wp\/v2\/pages"}],"about":[{"href":"https:\/\/www.denmedical.eu\/fr\/wp-json\/wp\/v2\/types\/page"}],"author":[{"embeddable":true,"href":"https:\/\/www.denmedical.eu\/fr\/wp-json\/wp\/v2\/users\/1"}],"replies":[{"embeddable":true,"href":"https:\/\/www.denmedical.eu\/fr\/wp-json\/wp\/v2\/comments?post=2597"}],"version-history":[{"count":5,"href":"https:\/\/www.denmedical.eu\/fr\/wp-json\/wp\/v2\/pages\/2597\/revisions"}],"predecessor-version":[{"id":2881,"href":"https:\/\/www.denmedical.eu\/fr\/wp-json\/wp\/v2\/pages\/2597\/revisions\/2881"}],"up":[{"embeddable":true,"href":"https:\/\/www.denmedical.eu\/fr\/wp-json\/wp\/v2\/pages\/2608"}],"wp:attachment":[{"href":"https:\/\/www.denmedical.eu\/fr\/wp-json\/wp\/v2\/media?parent=2597"}],"curies":[{"name":"wp","href":"https:\/\/api.w.org\/{rel}","templated":true}]}}