{"id":326,"date":"2020-10-21T13:19:07","date_gmt":"2020-10-21T11:19:07","guid":{"rendered":"https:\/\/www.denmedical.eu\/covigun\/"},"modified":"2021-11-25T09:13:56","modified_gmt":"2021-11-25T08:13:56","slug":"covigun","status":"publish","type":"page","link":"https:\/\/www.denmedical.eu\/fr\/covigun\/","title":{"rendered":"Covigun"},"content":{"rendered":"<blockquote>\n<h3>Prix sp\u00e9ciale\u00b2<\/h3>\n<p>Covigun: \u20ac249,00<br \/>\nD\u00e9sinfectant 5L: \u20ac59,99<\/p><\/blockquote>\n<p class=\"p2\">Le <span class=\"s2\"><b>COVIGUN <\/b><\/span>est un pulv\u00e9risateur d\u00e9sinfectant\u00b9, l\u00e9ger, portable et sans fil, aliment\u00e9 par une technologie d\u2019atomisation brevet\u00e9e pour lutter contre les virus, les bact\u00e9ries et autres agents pathog\u00e8nes\u00b3.<\/p>\n<p><img loading=\"lazy\" decoding=\"async\" class=\"size-medium wp-image-307 alignleft\" src=\"https:\/\/www.denmedical.eu\/wp-content\/uploads\/2020\/10\/covigun-265x300.jpg\" alt=\"\" width=\"265\" height=\"300\" srcset=\"https:\/\/www.denmedical.eu\/wp-content\/uploads\/2020\/10\/covigun-265x300.jpg 265w, https:\/\/www.denmedical.eu\/wp-content\/uploads\/2020\/10\/covigun.jpg 648w\" sizes=\"auto, (max-width: 265px) 100vw, 265px\" \/><\/p>\n<ul>\n<li class=\"p3\">\n<p class=\"p2\"><b>D\u00e9sinfection rapide <\/b>entre deux clients<\/p>\n<\/li>\n<li class=\"p3\">\n<p class=\"p2\"><b>Moins de temps perdu <\/b><\/p>\n<\/li>\n<li class=\"p3\">\n<p class=\"p2\"><b><\/b><b>Desinfection 360\u00b0 <\/b>dans tout les coins perdu<\/p>\n<\/li>\n<li class=\"p3\">\n<p class=\"p2\">Cr\u00e9e <b>un film <\/b>(variable en fonction du type de surface)<\/p>\n<\/li>\n<li class=\"p3\">\n<p class=\"p2\">Fonctionne sur <b>batterie rechargeable <\/b><\/p>\n<\/li>\n<li class=\"p3\">\n<p class=\"p2\"><b><\/b>Container 800ml pour <b>1.250 m\u00b3 (8ml <\/b><b>d\u00e9sinfectant concentr\u00e9)<\/b><\/p>\n<\/li>\n<\/ul>\n<h3 class=\"p2\">Commander<\/h3>\n<p class=\"p2\">Scannez le code QR et suivez les \u00e9tapes sur votre smartphone, tablette ou ordinateur portable.<\/p>\n<ul class=\"float\">\n<li><a href=\"https:\/\/order.denmedical.eu\/echos\/?group=covigun\" target=\"_blank\" rel=\"noopener noreferrer\"><img loading=\"lazy\" decoding=\"async\" src=\"https:\/\/www.denmedical.eu\/wp-content\/uploads\/2020\/10\/COVIGUN-AD_QRcode_COIF1120.png\" alt=\"\" width=\"200\" height=\"200\" \/><\/a><\/li>\n<li><a class=\"button\" href=\"https:\/\/order.denmedical.eu\/echos\/?group=covigun\" target=\"_blank\" rel=\"noopener noreferrer\">Commandez maintenant<\/a><br \/>\n<strong>Utiliser Promocode: ESTHWEB<\/strong><\/li>\n<\/ul>\n<p>&nbsp;<\/p>\n<p class=\"p2\"><em><b>1 <\/b>Le d\u00e9sinfectant est un biocide, uniquement pour les utilisateurs professionnels<b><br \/>\n2 <\/b>Prix sont TVA inclus, offre valable jusqu\u2019au 30 novembre 2020<b><br \/>\n3 <\/b>Combat a.o. enterococcus hirae, candida allbicans, pseudomonas aeruginosa, staphylococcus aureus, e. colli,\u2026<\/em><\/p>\n<p class=\"p3\"><b>Utilisez les biocides en toute s\u00e9curit\u00e9. Avant utilisation, lisez l\u2019\u00e9tiquette et les informations sur le produit.<\/b><\/p>\n","protected":false},"excerpt":{"rendered":"<p>Prix sp\u00e9ciale\u00b2 Covigun: \u20ac249,00 D\u00e9sinfectant 5L: \u20ac59,99 Le COVIGUN est un pulv\u00e9risateur d\u00e9sinfectant\u00b9, l\u00e9ger, portable et sans fil, aliment\u00e9 par une technologie d\u2019atomisation brevet\u00e9e pour lutter contre les virus, les bact\u00e9ries et autres agents pathog\u00e8nes\u00b3. D\u00e9sinfection rapide entre deux clients Moins de temps perdu Desinfection 360\u00b0 dans tout les coins perdu Cr\u00e9e un film (variable [&hellip;]<\/p>\n","protected":false},"author":1,"featured_media":0,"parent":0,"menu_order":7,"comment_status":"closed","ping_status":"closed","template":"template_covigun.php","meta":{"_acf_changed":false,"footnotes":""},"class_list":["post-326","page","type-page","status-publish","hentry"],"acf":[],"yoast_head":"<!-- This site is optimized with the Yoast SEO plugin v27.5 - https:\/\/yoast.com\/product\/yoast-seo-wordpress\/ -->\n<title>Covigun - D.E.N. Medical<\/title>\n<meta name=\"description\" content=\"La derni\u00e8re technologie pour la d\u00e9sinfection des zones m\u00e9dicales. Dispositif portable rapide et unique pour combattre les bact\u00e9ries. Achetez maintenant \u00e0 un prix sp\u00e9cial.\" \/>\n<meta name=\"robots\" content=\"index, follow, max-snippet:-1, max-image-preview:large, max-video-preview:-1\" \/>\n<link rel=\"canonical\" href=\"https:\/\/www.denmedical.eu\/fr\/covigun\/\" \/>\n<meta property=\"og:locale\" content=\"fr_FR\" \/>\n<meta property=\"og:type\" content=\"article\" \/>\n<meta property=\"og:title\" content=\"Covigun - D.E.N. Medical\" \/>\n<meta property=\"og:description\" content=\"La derni\u00e8re technologie pour la d\u00e9sinfection des zones m\u00e9dicales. Dispositif portable rapide et unique pour combattre les bact\u00e9ries. Achetez maintenant \u00e0 un prix sp\u00e9cial.\" \/>\n<meta property=\"og:url\" content=\"https:\/\/www.denmedical.eu\/fr\/covigun\/\" \/>\n<meta property=\"og:site_name\" content=\"D.E.N. Medical\" \/>\n<meta property=\"article:modified_time\" content=\"2021-11-25T08:13:56+00:00\" \/>\n<meta property=\"og:image\" content=\"https:\/\/www.denmedical.eu\/wp-content\/uploads\/2020\/10\/covigun-265x300.jpg\" \/>\n<meta name=\"twitter:card\" content=\"summary_large_image\" \/>\n<meta name=\"twitter:label1\" content=\"Dur\u00e9e de lecture estim\u00e9e\" \/>\n\t<meta name=\"twitter:data1\" content=\"1 minute\" \/>\n<script type=\"application\/ld+json\" class=\"yoast-schema-graph\">{\"@context\":\"https:\\\/\\\/schema.org\",\"@graph\":[{\"@type\":\"WebPage\",\"@id\":\"https:\\\/\\\/www.denmedical.eu\\\/fr\\\/covigun\\\/\",\"url\":\"https:\\\/\\\/www.denmedical.eu\\\/fr\\\/covigun\\\/\",\"name\":\"Covigun - D.E.N. Medical\",\"isPartOf\":{\"@id\":\"https:\\\/\\\/www.denmedical.eu\\\/fr\\\/#website\"},\"primaryImageOfPage\":{\"@id\":\"https:\\\/\\\/www.denmedical.eu\\\/fr\\\/covigun\\\/#primaryimage\"},\"image\":{\"@id\":\"https:\\\/\\\/www.denmedical.eu\\\/fr\\\/covigun\\\/#primaryimage\"},\"thumbnailUrl\":\"https:\\\/\\\/www.denmedical.eu\\\/wp-content\\\/uploads\\\/2020\\\/10\\\/covigun-265x300.jpg\",\"datePublished\":\"2020-10-21T11:19:07+00:00\",\"dateModified\":\"2021-11-25T08:13:56+00:00\",\"description\":\"La derni\u00e8re technologie pour la d\u00e9sinfection des zones m\u00e9dicales. Dispositif portable rapide et unique pour combattre les bact\u00e9ries. Achetez maintenant \u00e0 un prix sp\u00e9cial.\",\"breadcrumb\":{\"@id\":\"https:\\\/\\\/www.denmedical.eu\\\/fr\\\/covigun\\\/#breadcrumb\"},\"inLanguage\":\"fr-FR\",\"potentialAction\":[{\"@type\":\"ReadAction\",\"target\":[\"https:\\\/\\\/www.denmedical.eu\\\/fr\\\/covigun\\\/\"]}]},{\"@type\":\"ImageObject\",\"inLanguage\":\"fr-FR\",\"@id\":\"https:\\\/\\\/www.denmedical.eu\\\/fr\\\/covigun\\\/#primaryimage\",\"url\":\"https:\\\/\\\/www.denmedical.eu\\\/wp-content\\\/uploads\\\/2020\\\/10\\\/covigun-265x300.jpg\",\"contentUrl\":\"https:\\\/\\\/www.denmedical.eu\\\/wp-content\\\/uploads\\\/2020\\\/10\\\/covigun-265x300.jpg\"},{\"@type\":\"BreadcrumbList\",\"@id\":\"https:\\\/\\\/www.denmedical.eu\\\/fr\\\/covigun\\\/#breadcrumb\",\"itemListElement\":[{\"@type\":\"ListItem\",\"position\":1,\"name\":\"Home\",\"item\":\"https:\\\/\\\/www.denmedical.eu\\\/fr\\\/\"},{\"@type\":\"ListItem\",\"position\":2,\"name\":\"Covigun\"}]},{\"@type\":\"WebSite\",\"@id\":\"https:\\\/\\\/www.denmedical.eu\\\/fr\\\/#website\",\"url\":\"https:\\\/\\\/www.denmedical.eu\\\/fr\\\/\",\"name\":\"D.E.N. Medical\",\"description\":\"En nog een WordPress site\",\"potentialAction\":[{\"@type\":\"SearchAction\",\"target\":{\"@type\":\"EntryPoint\",\"urlTemplate\":\"https:\\\/\\\/www.denmedical.eu\\\/fr\\\/?s={search_term_string}\"},\"query-input\":{\"@type\":\"PropertyValueSpecification\",\"valueRequired\":true,\"valueName\":\"search_term_string\"}}],\"inLanguage\":\"fr-FR\"}]}<\/script>\n<!-- \/ Yoast SEO plugin. -->","yoast_head_json":{"title":"Covigun - D.E.N. Medical","description":"La derni\u00e8re technologie pour la d\u00e9sinfection des zones m\u00e9dicales. Dispositif portable rapide et unique pour combattre les bact\u00e9ries. Achetez maintenant \u00e0 un prix sp\u00e9cial.","robots":{"index":"index","follow":"follow","max-snippet":"max-snippet:-1","max-image-preview":"max-image-preview:large","max-video-preview":"max-video-preview:-1"},"canonical":"https:\/\/www.denmedical.eu\/fr\/covigun\/","og_locale":"fr_FR","og_type":"article","og_title":"Covigun - D.E.N. Medical","og_description":"La derni\u00e8re technologie pour la d\u00e9sinfection des zones m\u00e9dicales. Dispositif portable rapide et unique pour combattre les bact\u00e9ries. Achetez maintenant \u00e0 un prix sp\u00e9cial.","og_url":"https:\/\/www.denmedical.eu\/fr\/covigun\/","og_site_name":"D.E.N. Medical","article_modified_time":"2021-11-25T08:13:56+00:00","og_image":[{"url":"https:\/\/www.denmedical.eu\/wp-content\/uploads\/2020\/10\/covigun-265x300.jpg","type":"","width":"","height":""}],"twitter_card":"summary_large_image","twitter_misc":{"Dur\u00e9e de lecture estim\u00e9e":"1 minute"},"schema":{"@context":"https:\/\/schema.org","@graph":[{"@type":"WebPage","@id":"https:\/\/www.denmedical.eu\/fr\/covigun\/","url":"https:\/\/www.denmedical.eu\/fr\/covigun\/","name":"Covigun - D.E.N. Medical","isPartOf":{"@id":"https:\/\/www.denmedical.eu\/fr\/#website"},"primaryImageOfPage":{"@id":"https:\/\/www.denmedical.eu\/fr\/covigun\/#primaryimage"},"image":{"@id":"https:\/\/www.denmedical.eu\/fr\/covigun\/#primaryimage"},"thumbnailUrl":"https:\/\/www.denmedical.eu\/wp-content\/uploads\/2020\/10\/covigun-265x300.jpg","datePublished":"2020-10-21T11:19:07+00:00","dateModified":"2021-11-25T08:13:56+00:00","description":"La derni\u00e8re technologie pour la d\u00e9sinfection des zones m\u00e9dicales. Dispositif portable rapide et unique pour combattre les bact\u00e9ries. Achetez maintenant \u00e0 un prix sp\u00e9cial.","breadcrumb":{"@id":"https:\/\/www.denmedical.eu\/fr\/covigun\/#breadcrumb"},"inLanguage":"fr-FR","potentialAction":[{"@type":"ReadAction","target":["https:\/\/www.denmedical.eu\/fr\/covigun\/"]}]},{"@type":"ImageObject","inLanguage":"fr-FR","@id":"https:\/\/www.denmedical.eu\/fr\/covigun\/#primaryimage","url":"https:\/\/www.denmedical.eu\/wp-content\/uploads\/2020\/10\/covigun-265x300.jpg","contentUrl":"https:\/\/www.denmedical.eu\/wp-content\/uploads\/2020\/10\/covigun-265x300.jpg"},{"@type":"BreadcrumbList","@id":"https:\/\/www.denmedical.eu\/fr\/covigun\/#breadcrumb","itemListElement":[{"@type":"ListItem","position":1,"name":"Home","item":"https:\/\/www.denmedical.eu\/fr\/"},{"@type":"ListItem","position":2,"name":"Covigun"}]},{"@type":"WebSite","@id":"https:\/\/www.denmedical.eu\/fr\/#website","url":"https:\/\/www.denmedical.eu\/fr\/","name":"D.E.N. Medical","description":"En nog een WordPress site","potentialAction":[{"@type":"SearchAction","target":{"@type":"EntryPoint","urlTemplate":"https:\/\/www.denmedical.eu\/fr\/?s={search_term_string}"},"query-input":{"@type":"PropertyValueSpecification","valueRequired":true,"valueName":"search_term_string"}}],"inLanguage":"fr-FR"}]}},"_links":{"self":[{"href":"https:\/\/www.denmedical.eu\/fr\/wp-json\/wp\/v2\/pages\/326","targetHints":{"allow":["GET"]}}],"collection":[{"href":"https:\/\/www.denmedical.eu\/fr\/wp-json\/wp\/v2\/pages"}],"about":[{"href":"https:\/\/www.denmedical.eu\/fr\/wp-json\/wp\/v2\/types\/page"}],"author":[{"embeddable":true,"href":"https:\/\/www.denmedical.eu\/fr\/wp-json\/wp\/v2\/users\/1"}],"replies":[{"embeddable":true,"href":"https:\/\/www.denmedical.eu\/fr\/wp-json\/wp\/v2\/comments?post=326"}],"version-history":[{"count":5,"href":"https:\/\/www.denmedical.eu\/fr\/wp-json\/wp\/v2\/pages\/326\/revisions"}],"predecessor-version":[{"id":385,"href":"https:\/\/www.denmedical.eu\/fr\/wp-json\/wp\/v2\/pages\/326\/revisions\/385"}],"wp:attachment":[{"href":"https:\/\/www.denmedical.eu\/fr\/wp-json\/wp\/v2\/media?parent=326"}],"curies":[{"name":"wp","href":"https:\/\/api.w.org\/{rel}","templated":true}]}}